{"id":390,"date":"2020-03-17T21:20:23","date_gmt":"2020-03-17T21:20:23","guid":{"rendered":"https:\/\/ctyouthdirectory.org\/quienes-somos\/"},"modified":"2023-04-20T11:49:59","modified_gmt":"2023-04-20T15:49:59","slug":"quienes-somos","status":"publish","type":"page","link":"https:\/\/ctyouthdirectory.org\/es\/quienes-somos\/","title":{"rendered":"Qui\u00e9nes somos"},"content":{"rendered":"\n<p class=\"text-4xl text-blue-400 mb-12 font-nunito font-bold\">Somos una asociaci\u00f3n de personas y organizaciones que promueve la seguridad, el desarrollo saludable y el aprendizaje fuera del aula tradicional para los j\u00f3venes.<\/p>\n\n<p><span lang=\"ES-US\">Creemos que cada familia debe tener la posibilidad de elegir diferentes programas de verano de alta calidad, adecuados a la edad y asequibles. Porque los programas de alta calidad le brindan opciones positivas a los ni\u00f1os y a los j\u00f3venes, <strong>y satisfacen las necesidades de su comunidad de mantener la seguridad de los ni\u00f1os y a las familias empleadas de manera productiva.<\/strong><\/span><\/p>\n","protected":false},"excerpt":{"rendered":"<p>Somos una asociaci\u00f3n de personas y organizaciones que promueve la seguridad, el desarrollo saludable y el aprendizaje fuera del aula tradicional para los j\u00f3venes. Creemos que cada familia debe tener la posibilidad de elegir diferentes programas de verano de alta calidad, adecuados a la edad&#8230;<\/p>\n","protected":false},"author":2,"featured_media":0,"parent":0,"menu_order":0,"comment_status":"closed","ping_status":"closed","template":"about","meta":{"footnotes":""},"class_list":["post-390","page","type-page","status-publish","hentry"],"_links":{"self":[{"href":"https:\/\/ctyouthdirectory.org\/es\/wp-json\/wp\/v2\/pages\/390","targetHints":{"allow":["GET"]}}],"collection":[{"href":"https:\/\/ctyouthdirectory.org\/es\/wp-json\/wp\/v2\/pages"}],"about":[{"href":"https:\/\/ctyouthdirectory.org\/es\/wp-json\/wp\/v2\/types\/page"}],"author":[{"embeddable":true,"href":"https:\/\/ctyouthdirectory.org\/es\/wp-json\/wp\/v2\/users\/2"}],"replies":[{"embeddable":true,"href":"https:\/\/ctyouthdirectory.org\/es\/wp-json\/wp\/v2\/comments?post=390"}],"version-history":[{"count":1,"href":"https:\/\/ctyouthdirectory.org\/es\/wp-json\/wp\/v2\/pages\/390\/revisions"}],"predecessor-version":[{"id":391,"href":"https:\/\/ctyouthdirectory.org\/es\/wp-json\/wp\/v2\/pages\/390\/revisions\/391"}],"wp:attachment":[{"href":"https:\/\/ctyouthdirectory.org\/es\/wp-json\/wp\/v2\/media?parent=390"}],"curies":[{"name":"wp","href":"https:\/\/api.w.org\/{rel}","templated":true}]}}