{"id":388,"date":"2020-03-17T21:18:06","date_gmt":"2020-03-17T21:18:06","guid":{"rendered":"https:\/\/ctyouthdirectory.org\/para-los-padres\/"},"modified":"2020-03-25T11:53:00","modified_gmt":"2020-03-25T15:53:00","slug":"para-los-padres","status":"publish","type":"page","link":"https:\/\/ctyouthdirectory.org\/es\/para-los-padres\/","title":{"rendered":"Para los padres"},"content":{"rendered":"\n<p class=\"text-4xl text-purple-400 leading-tight mb-12 max-w-4xl font-nunito font-bold text-center\">Encontrar un programa de verano asequible que satisfaga sus necesidades puede ser un desaf\u00edo. Este sitio web le ofrece una lista de varios campamentos, tutor\u00edas y otros programas de verano que est\u00e1n disponibles en Hartford y en las zonas aleda\u00f1as.<\/p>\n\n<div class=\"wp-block-columns is-layout-flex wp-container-core-columns-is-layout-9d6595d7 wp-block-columns-is-layout-flex\">\n<div class=\"wp-block-column is-layout-flow wp-block-column-is-layout-flow\">\n<p>Este recurso tambi\u00e9n le brinda informaci\u00f3n sobre los parques y piscinas de la ciudad, sobre los programas de almuerzo gratis, sobre las actividades en las bibliotecas y en los centros familiares, sobre oportunidades de capacitaciones laborales para adultos, y mucho m\u00e1s. Los programas para j\u00f3venes ofrecen una combinaci\u00f3n de actividades para promover el aprendizaje y el desarrollo de los j\u00f3venes, y tambi\u00e9n les brindan oportunidades a los padres para que participen. Tambi\u00e9n se incluyen opciones para j\u00f3venes y adultos con discapacidades, y para adultos mayores.<\/p>\n<\/div>\n\n\n\n<div class=\"wp-block-column is-layout-flow wp-block-column-is-layout-flow\">\n<p>Busque en el directorio y decida qu\u00e9 programas son los mejores para sus ni\u00f1os, j\u00f3venes, adultos u otros miembros de la familia. Muchos programas son gratuitos y otros ofrecen tarifas reducidas de acuerdo con el ingreso. Aseg\u00farese de registrarse tan pronto como sea posible e indicar si necesita ayuda financiera en su b\u00fasqueda.<\/p>\n\n\n\n<p><strong>Consulte la secci\u00f3n de Preguntas y respuestas que aparece debajo si tiene preguntas relacionadas con nuestros programas.<\/strong><\/p>\n<\/div>\n<\/div>\n\n<div class=\"wp-block-image\"><figure class=\"aligncenter size-full is-resized\"><img loading=\"lazy\" decoding=\"async\" src=\"https:\/\/ctyouthdirectory.org\/content\/uploads\/2020\/02\/girls-looking-at-jar.jpg\" alt=\"\" class=\"wp-image-46 rounded-none border-none\" width=\"1920\" height=\"850\" srcset=\"https:\/\/ctyouthdirectory.org\/content\/uploads\/2020\/02\/girls-looking-at-jar.jpg 1920w, https:\/\/ctyouthdirectory.org\/content\/uploads\/2020\/02\/girls-looking-at-jar-300x133.jpg 300w, https:\/\/ctyouthdirectory.org\/content\/uploads\/2020\/02\/girls-looking-at-jar-1024x453.jpg 1024w, https:\/\/ctyouthdirectory.org\/content\/uploads\/2020\/02\/girls-looking-at-jar-768x340.jpg 768w, https:\/\/ctyouthdirectory.org\/content\/uploads\/2020\/02\/girls-looking-at-jar-1536x680.jpg 1536w\" sizes=\"auto, (max-width: 1920px) 100vw, 1920px\" \/><\/figure><\/div>\n","protected":false},"excerpt":{"rendered":"<p>Encontrar un programa de verano asequible que satisfaga sus necesidades puede ser un desaf\u00edo. Este sitio web le ofrece una lista de varios campamentos, tutor\u00edas y otros programas de verano que est\u00e1n disponibles en Hartford y en las zonas aleda\u00f1as. Este recurso tambi\u00e9n le brinda&#8230;<\/p>\n","protected":false},"author":2,"featured_media":378,"parent":0,"menu_order":0,"comment_status":"closed","ping_status":"closed","template":"for-parents","meta":{"footnotes":""},"class_list":["post-388","page","type-page","status-publish","has-post-thumbnail","hentry"],"_links":{"self":[{"href":"https:\/\/ctyouthdirectory.org\/es\/wp-json\/wp\/v2\/pages\/388","targetHints":{"allow":["GET"]}}],"collection":[{"href":"https:\/\/ctyouthdirectory.org\/es\/wp-json\/wp\/v2\/pages"}],"about":[{"href":"https:\/\/ctyouthdirectory.org\/es\/wp-json\/wp\/v2\/types\/page"}],"author":[{"embeddable":true,"href":"https:\/\/ctyouthdirectory.org\/es\/wp-json\/wp\/v2\/users\/2"}],"replies":[{"embeddable":true,"href":"https:\/\/ctyouthdirectory.org\/es\/wp-json\/wp\/v2\/comments?post=388"}],"version-history":[{"count":13,"href":"https:\/\/ctyouthdirectory.org\/es\/wp-json\/wp\/v2\/pages\/388\/revisions"}],"predecessor-version":[{"id":429,"href":"https:\/\/ctyouthdirectory.org\/es\/wp-json\/wp\/v2\/pages\/388\/revisions\/429"}],"wp:featuredmedia":[{"embeddable":true,"href":"https:\/\/ctyouthdirectory.org\/es\/wp-json\/wp\/v2\/media\/378"}],"wp:attachment":[{"href":"https:\/\/ctyouthdirectory.org\/es\/wp-json\/wp\/v2\/media?parent=388"}],"curies":[{"name":"wp","href":"https:\/\/api.w.org\/{rel}","templated":true}]}}